{"id":8905,"date":"2018-08-16T19:27:15","date_gmt":"2018-08-16T17:27:15","guid":{"rendered":"https:\/\/www.brodhecker-burghof.de\/riding-school\/therapeutic-riding\/"},"modified":"2018-08-16T19:27:16","modified_gmt":"2018-08-16T17:27:16","slug":"therapeutic-riding","status":"publish","type":"page","link":"https:\/\/brodhecker-burghof.de\/en\/riding-school-3\/therapeutic-riding\/","title":{"rendered":"Therapeutic Riding"},"content":{"rendered":"<div class=\"wpb-content-wrapper\"><p>[vc_row css=&#8221;.vc_custom_1514900689602{padding-top: 70px !important;padding-bottom: 50px !important;}&#8221;][vc_column][vc_custom_heading text=&#8221;THERAPEUTIC RIDING&#8221; font_container=&#8221;tag:h1|text_align:center&#8221; use_theme_fonts=&#8221;yes&#8221;][\/vc_column][\/vc_row][vc_row css=&#8221;.vc_custom_1403797066850{padding-bottom: 50px !important;}&#8221;][vc_column width=&#8221;2\/3&#8243;][vc_column_text]<\/p>\n<h5>\n<div class=\"dropcap\">I<\/div>\n Heilp\u00e4dagogische F\u00f6rderung mit dem Pferd:<\/h5>\n<p style=\"padding-left: 60px;\">Der Umgang mit dem Pferd und das Reiten sprechen den Menschen ganzheitlich an. Im Vordergrund der heilp\u00e4d. F\u00f6rderung steht die Beziehung zwischen Mensch und Tier, sodass der Reittherapeut \u00fcber die positive Gestaltung dieser Beziehung durch Interaktionen im Beziehungsdreieck \u201eKlient \u2013 Pferd \u2013 Reittherapeut\u201c den konstruktiven Umgang miteinander f\u00f6rdern kann. Das erfolgt im Umgang mit dem Pferd, durch die Pferdepflege und Erfahrungen auf und mit dem Pferd.<\/p>\n<h5 style=\"padding-left: 60px;\">Allgemeine F\u00f6rderziele bei der heilp\u00e4dagogischen Arbeit mit dem Pferd:<\/h5>\n<p style=\"padding-left: 60px;\">Beim Umgang mit dem Pferd erhalten die Kinder vielf\u00e4ltige Sinneseindr\u00fccke und Entwicklungsanreize in den Bereichen Motorik, Wahrnehmung, Sozialverhalten und Kommunikation, woraus sich folgende Teilziele ergeben:<\/p>\n<p>[\/vc_column_text][\/vc_column][vc_column width=&#8221;1\/3&#8243;][vc_single_image image=&#8221;7138&#8243; img_size=&#8221;640&#215;480&#8243; alignment=&#8221;right&#8221; onclick=&#8221;link_image&#8221;][\/vc_column][\/vc_row][vc_row css=&#8221;.vc_custom_1403797066850{padding-bottom: 50px !important;}&#8221;][vc_column width=&#8221;1\/3&#8243;][vc_single_image image=&#8221;7137&#8243; img_size=&#8221;640&#215;480&#8243; onclick=&#8221;link_image&#8221;][\/vc_column][vc_column width=&#8221;2\/3&#8243;][vc_custom_heading text=&#8221;F\u00f6rderung der motorischen Kompetenzen und der Wahrnehmung:&#8221; font_container=&#8221;tag:h5|text_align:left&#8221; use_theme_fonts=&#8221;yes&#8221;][vc_column_text]<\/p>\n<ul>\n<li>Aufbau und Erhalt von Bewegungsfreude und dem eigenem Wohlbefinden (sich vom Pferd tragen lassen entspannt, verschiedene Gangarten wirken beruhigend, aufmunternd oder beschwingend)<\/li>\n<li>Intensive Schulung der Tiefensensibilit\u00e4t, des Gleichgewichts, der Koordination, Konzentration und des Muskeltonus.<\/li>\n<\/ul>\n<h5>F\u00f6rderung sozialer Kompetenzen:<\/h5>\n<ul>\n<li>Kontaktbereitschaft, Beziehungsaufbau, Tierliebe, F\u00fcrsorglichkeit, Verantwortungsgef\u00fchl, Einf\u00fchlungsverm\u00f6gen und Durchsetzungsf\u00e4higkeit werden gest\u00e4rkt.<\/li>\n<li>Grenzen und Strukturen werden erfahren.<\/li>\n<li>Es erfolgt eine St\u00e4rkung der Teamf\u00e4higkeit.<\/li>\n<\/ul>\n<p>[\/vc_column_text][\/vc_column][\/vc_row][vc_row css=&#8221;.vc_custom_1403797066850{padding-bottom: 50px !important;}&#8221;][vc_column width=&#8221;2\/3&#8243;][vc_custom_heading text=&#8221;F\u00f6rderung der emotionalen Kompetenzen:&#8221; font_container=&#8221;tag:h5|text_align:left&#8221; use_theme_fonts=&#8221;yes&#8221;][vc_column_text]<\/p>\n<ul>\n<li>St\u00e4rkung des Selbstbewusstseins und des Selbstvertrauens (Kinder bauen zunehmend mehr Vertrauen zu ihrem Partner \u201ePferd\u201c auf, lernen \u00c4ngste zu \u00fcberwinden und m\u00fcssen ihnen das entgegengebrachte Vertrauen auch beantworten)<\/li>\n<li>Einlassen auf N\u00e4he<\/li>\n<li>F\u00f6rderung von innerer Ruhe und Entspannung<\/li>\n<li>St\u00e4rkung des ICH<\/li>\n<li>Abbau von Aggression<\/li>\n<\/ul>\n<h5>F\u00f6rderung der Kommunikativen Kompetenzen:<\/h5>\n<ul>\n<li>Erweiterung der verbalen und nonverbalen Kommunikation im Umgang mit dem Pferd.<\/li>\n<\/ul>\n<p>[\/vc_column_text][\/vc_column][vc_column width=&#8221;1\/3&#8243;][vc_single_image image=&#8221;7140&#8243; img_size=&#8221;640&#215;480&#8243; onclick=&#8221;link_image&#8221;][\/vc_column][\/vc_row][vc_row css=&#8221;.vc_custom_1403797066850{padding-bottom: 50px !important;}&#8221;][vc_column width=&#8221;1\/3&#8243;][vc_single_image image=&#8221;7131&#8243; img_size=&#8221;640&#215;480&#8243; onclick=&#8221;link_image&#8221;][\/vc_column][vc_column width=&#8221;2\/3&#8243;][vc_column_text]<\/p>\n<h5>\n<div class=\"dropcap\">II<\/div>\n Integrative Reit-, und Voltigiergruppen<\/h5>\n<p style=\"padding-left: 60px;\">P\u00e4dagogisch orientierter Reitunterricht f\u00fcr Menschen mit und ohne Behinderung im Anf\u00e4ngerreitunterricht und aufbauenden Reitgruppen bietet den Teilnehmern ersten Kontakt mit dem Pferd. Die Kinder lernen sich durch verschiedene \u00dcbungen auf dem Pferd auszubalancieren und das Gleichgewicht zu halten. Vom grundlegenden Reiten in Schritt und Trab bis zum \u201efreien Reiten\u201c und anschlie\u00dfend ersten Erfahrungen beim selbst\u00e4ndigen Reiten, durch das Erlernen der Bahnfiguren und den Einsatz von Sitz und Einwirkung werden die Kinder Schritt f\u00fcr Schritt begleitet.<\/p>\n<p>[\/vc_column_text][\/vc_column][\/vc_row][vc_row css=&#8221;.vc_custom_1403797066850{padding-bottom: 50px !important;}&#8221;][vc_column width=&#8221;2\/3&#8243;][vc_column_text]<\/p>\n<h5>\n<div class=\"dropcap\">III<\/div>\n Reiten als Sport f\u00fcr Behinderte<\/h5>\n<p style=\"padding-left: 60px;\">Menschen mit Einschr\u00e4nkungen k\u00f6nnen im Rahmen der individuellen M\u00f6glichkeiten Reiten als Sport verwirklichen. Dies ist im Freizeitbereich, oder durch Wettbewerbe mit geeigneten Pferden m\u00f6glich.<\/p>\n<p>[\/vc_column_text][\/vc_column][vc_column width=&#8221;1\/3&#8243;][vc_single_image image=&#8221;7145&#8243; img_size=&#8221;640&#215;480&#8243; onclick=&#8221;link_image&#8221;][\/vc_column][\/vc_row][vc_row css=&#8221;.vc_custom_1403797066850{padding-bottom: 50px !important;}&#8221;][vc_column width=&#8221;1\/3&#8243;][vc_single_image image=&#8221;7146&#8243; img_size=&#8221;640&#215;480&#8243; onclick=&#8221;link_image&#8221;][\/vc_column][vc_column width=&#8221;2\/3&#8243;][vc_column_text]<\/p>\n<h5>\n<div class=\"dropcap\">IV<\/div>\n Reit \u2013 AG an Schulen<\/h5>\n<p style=\"padding-left: 60px;\">W\u00e4hrend eines Schuljahres wird in Schulen in AG \u2013 Form das Reiten angeboten. Die Sch\u00fcler erlernen in diesem Zeitraum, den Umgang mit dem Pferd, Pferdepflege, Satteln und Trensen und selbst\u00e4ndiges Reiten. Au\u00dferdem erwerben sie theoretische Kenntnisse \u201eRund um \u00b4s Pferd\u201c, und schlie\u00dfen am Ende des Schuljahres mit der ersten Reitabzeichenpr\u00fcfung ab.<\/p>\n<p>[\/vc_column_text][\/vc_column][\/vc_row][vc_row css=&#8221;.vc_custom_1403797066850{padding-bottom: 50px !important;}&#8221;][vc_column width=&#8221;2\/3&#8243;][vc_custom_heading text=&#8221;Elisabeth Brodhecker-Schulz&#8221; font_container=&#8221;tag:h5|text_align:left&#8221; use_theme_fonts=&#8221;yes&#8221;][vc_column_text]Dipl. P\u00e4dagogin und Trainer C<br \/>\nZusatzqualifikation Heilp\u00e4d. F\u00f6rderung mit dem Pferd<br \/>\nZusatzqualifikation Reiten als Sport f\u00fcr Behinderte<\/p>\n<p>Tel. 0173\/8130343<br \/>\nE-Mail: <a href=\"mailto:elisabeth@schulz-burghof.de\">elisabeth@schulz-burghof.de<\/a>[\/vc_column_text][\/vc_column][vc_column width=&#8221;1\/3&#8243;][vc_single_image image=&#8221;7135&#8243; img_size=&#8221;640&#215;480&#8243; alignment=&#8221;right&#8221; onclick=&#8221;link_image&#8221;][\/vc_column][\/vc_row]<\/p>\n<\/div>","protected":false},"excerpt":{"rendered":"<p>[vc_row css=&#8221;.vc_custom_1514900689602{padding-top: 70px !important;padding-bottom: 50px !important;}&#8221;][vc_column][vc_custom_heading text=&#8221;THERAPEUTIC RIDING&#8221; font_container=&#8221;tag:h1|text_align:center&#8221; use_theme_fonts=&#8221;yes&#8221;][\/vc_column][\/vc_row][vc_row css=&#8221;.vc_custom_1403797066850{padding-bottom: 50px !important;}&#8221;][vc_column width=&#8221;2\/3&#8243;][vc_column_text] Heilp\u00e4dagogische F\u00f6rderung mit dem Pferd: Der Umgang mit dem Pferd und das Reiten sprechen den Menschen ganzheitlich an. Im Vordergrund der heilp\u00e4d. F\u00f6rderung steht die Beziehung zwischen Mensch und Tier, sodass der Reittherapeut \u00fcber die positive Gestaltung dieser Beziehung durch Interaktionen im Beziehungsdreieck \u201eKlient \u2013 Pferd \u2013 Reittherapeut\u201c den konstruktiven Umgang miteinander f\u00f6rdern kann. Das erfolgt im Umgang mit dem Pferd, durch die Pferdepflege und Erfahrungen auf und mit dem Pferd. Allgemeine F\u00f6rderziele bei der heilp\u00e4dagogischen Arbeit mit dem Pferd: Beim Umgang mit dem Pferd erhalten &hellip; <a href=\"https:\/\/brodhecker-burghof.de\/en\/riding-school-3\/therapeutic-riding\/\">Continued<\/a><\/p>\n","protected":false},"author":9,"featured_media":0,"parent":8870,"menu_order":3,"comment_status":"closed","ping_status":"closed","template":"page-fullwidth.php","meta":{"_acf_changed":false,"footnotes":""},"class_list":["post-8905","page","type-page","status-publish","hentry"],"acf":[],"_links":{"self":[{"href":"https:\/\/brodhecker-burghof.de\/en\/wp-json\/wp\/v2\/pages\/8905","targetHints":{"allow":["GET"]}}],"collection":[{"href":"https:\/\/brodhecker-burghof.de\/en\/wp-json\/wp\/v2\/pages"}],"about":[{"href":"https:\/\/brodhecker-burghof.de\/en\/wp-json\/wp\/v2\/types\/page"}],"author":[{"embeddable":true,"href":"https:\/\/brodhecker-burghof.de\/en\/wp-json\/wp\/v2\/users\/9"}],"replies":[{"embeddable":true,"href":"https:\/\/brodhecker-burghof.de\/en\/wp-json\/wp\/v2\/comments?post=8905"}],"version-history":[{"count":0,"href":"https:\/\/brodhecker-burghof.de\/en\/wp-json\/wp\/v2\/pages\/8905\/revisions"}],"up":[{"embeddable":true,"href":"https:\/\/brodhecker-burghof.de\/en\/wp-json\/wp\/v2\/pages\/8870"}],"wp:attachment":[{"href":"https:\/\/brodhecker-burghof.de\/en\/wp-json\/wp\/v2\/media?parent=8905"}],"curies":[{"name":"wp","href":"https:\/\/api.w.org\/{rel}","templated":true}]}}