{"id":8908,"date":"2018-08-21T16:05:27","date_gmt":"2018-08-21T14:05:27","guid":{"rendered":"https:\/\/www.brodhecker-burghof.de\/breeding\/order-semen\/"},"modified":"2018-08-21T16:06:08","modified_gmt":"2018-08-21T14:06:08","slug":"order-semen","status":"publish","type":"page","link":"https:\/\/brodhecker-burghof.de\/en\/breeding\/order-semen\/","title":{"rendered":"Order Semen Online"},"content":{"rendered":"<div class=\"wpb-content-wrapper\"><p>[vc_row css=&#8221;.vc_custom_1412596558354{padding-top: 70px !important;padding-bottom: 20px !important;}&#8221;][vc_column][vc_custom_heading text=&#8221;ORDER SEMEN ONLINE&#8221; font_container=&#8221;tag:h1|text_align:center&#8221; use_theme_fonts=&#8221;yes&#8221;][\/vc_column][\/vc_row][vc_row css=&#8221;.vc_custom_1403797066850{padding-bottom: 50px !important;}&#8221;][vc_column][vc_column_text]<\/p>\n<p style=\"text-align: center;\">Bitte teilen Sie uns mit dem folgenden Formular die wichtigsten Informationen zu Ihnen, Ihrer Stute und Ihrem Tierarzt mit. Nach Best\u00e4tigung der Angaben erhalten Sie von uns eine Zusammenfassung der Samenbestellung per E-Mail, sowie die Telefonnummer unseres Besamungswartes, bei dem Sie dann kurzfristige Samenlieferungen in Auftrag geben k\u00f6nnen. F\u00fcr eine Lieferung am n\u00e4chsten Tag bitten wir um eine Samenbestellung bis sp\u00e4testens 10 Uhr (Mo-Fr), bzw. 09 Uhr (Sa). An Sonn- und Feiertagen ist kein Samenversand m\u00f6glich, jedoch k\u00f6nnen die Hengste abgesamt und der Samen vor Ort abgeholt werden.<\/p>\n<p>[\/vc_column_text][\/vc_column][\/vc_row][vc_row][vc_column]\n<div class=\"wpcf7 no-js\" id=\"wpcf7-f7430-o1\" lang=\"de-DE\" dir=\"ltr\" data-wpcf7-id=\"7430\">\n<div class=\"screen-reader-response\"><p role=\"status\" aria-live=\"polite\" aria-atomic=\"true\"><\/p> <ul><\/ul><\/div>\n<form action=\"\/en\/wp-json\/wp\/v2\/pages\/8908#wpcf7-f7430-o1\" method=\"post\" class=\"wpcf7-form init\" aria-label=\"Kontaktformular\" novalidate=\"novalidate\" data-status=\"init\">\n<fieldset class=\"hidden-fields-container\"><input type=\"hidden\" name=\"_wpcf7\" value=\"7430\" \/><input type=\"hidden\" name=\"_wpcf7_version\" value=\"6.1.5\" \/><input type=\"hidden\" name=\"_wpcf7_locale\" value=\"de_DE\" \/><input type=\"hidden\" name=\"_wpcf7_unit_tag\" value=\"wpcf7-f7430-o1\" \/><input type=\"hidden\" name=\"_wpcf7_container_post\" value=\"0\" \/><input type=\"hidden\" name=\"_wpcf7_posted_data_hash\" value=\"\" \/><input type=\"hidden\" name=\"_wpcf7_recaptcha_response\" value=\"\" \/>\n<\/fieldset>\n<h4>Samenbestellung online\n<\/h4>\n<p><label class=\"hengst\"> Hengstauswahl (Pflichtfeld):<br \/>\n<span class=\"wpcf7-form-control-wrap\" data-name=\"post_select-860\"><select class=\"wpcf7-form-control wpcf7-select post\" aria-required=\"true\" aria-invalid=\"false\" allow-clear=\"false\" search-box=\"false\" name=\"post_select-860\" placeholder=\"&#8211; Bitte ausw\u00e4hlen &#8211;\"><option value=\"\" data-id=\"-1\">&#8211; Bitte ausw\u00e4hlen &#8211;<\/option><\/select><\/span> <\/label>\n<\/p>\n<p>&nbsp;\n<\/p>\n<h5>Name und vollst\u00e4ndige Anschrift des Stutenbesitzers!\n<\/h5>\n<fieldset class=\"hengst-left\">\n\t<p><label> Vorname (Pflichtfeld):<br \/>\n<span class=\"wpcf7-form-control-wrap\" data-name=\"your-vorname\"><input size=\"40\" maxlength=\"400\" class=\"wpcf7-form-control wpcf7-text wpcf7-validates-as-required\" aria-required=\"true\" aria-invalid=\"false\" value=\"\" type=\"text\" name=\"your-vorname\" \/><\/span> <\/label>\n\t<\/p>\n\t<p><label> Stra\u00dfe, Nr.: (Pflichtfeld):<br \/>\n<span class=\"wpcf7-form-control-wrap\" data-name=\"your-strasse\"><input size=\"40\" maxlength=\"400\" class=\"wpcf7-form-control wpcf7-text wpcf7-validates-as-required\" aria-required=\"true\" aria-invalid=\"false\" value=\"\" type=\"text\" name=\"your-strasse\" \/><\/span> <\/label>\n\t<\/p>\n\t<p><label> Telefon:<br \/>\n<span class=\"wpcf7-form-control-wrap\" data-name=\"your-fon\"><input size=\"40\" maxlength=\"400\" class=\"wpcf7-form-control wpcf7-text\" aria-invalid=\"false\" value=\"\" type=\"text\" name=\"your-fon\" \/><\/span> <\/label>\n\t<\/p>\n\t<p><label> Ihre E-Mail-Adresse (Pflichtfeld):<br \/>\n<span class=\"wpcf7-form-control-wrap\" data-name=\"your-email\"><input size=\"40\" maxlength=\"400\" class=\"wpcf7-form-control wpcf7-email wpcf7-validates-as-required wpcf7-text wpcf7-validates-as-email\" aria-required=\"true\" aria-invalid=\"false\" value=\"\" type=\"email\" name=\"your-email\" \/><\/span> <\/label>\n\t<\/p>\n<\/fieldset>\n<fieldset class=\"hengst-right\">\n\t<p><label> Name (Pflichtfeld):<br \/>\n<span class=\"wpcf7-form-control-wrap\" data-name=\"your-name\"><input size=\"40\" maxlength=\"400\" class=\"wpcf7-form-control wpcf7-text wpcf7-validates-as-required\" aria-required=\"true\" aria-invalid=\"false\" value=\"\" type=\"text\" name=\"your-name\" \/><\/span> <\/label>\n\t<\/p>\n\t<p><label> PLZ, Ort: (Pflichtfeld):<br \/>\n<span class=\"wpcf7-form-control-wrap\" data-name=\"your-plzort\"><input size=\"40\" maxlength=\"400\" class=\"wpcf7-form-control wpcf7-text wpcf7-validates-as-required\" aria-required=\"true\" aria-invalid=\"false\" value=\"\" type=\"text\" name=\"your-plzort\" \/><\/span> <\/label>\n\t<\/p>\n\t<p><label> Telefax:<br \/>\n<span class=\"wpcf7-form-control-wrap\" data-name=\"your-fax\"><input size=\"40\" maxlength=\"400\" class=\"wpcf7-form-control wpcf7-text\" aria-invalid=\"false\" value=\"\" type=\"text\" name=\"your-fax\" \/><\/span> <\/label>\n\t<\/p>\n\t<p><label> Mobil:<br \/>\n<span class=\"wpcf7-form-control-wrap\" data-name=\"your-mob\"><input size=\"40\" maxlength=\"400\" class=\"wpcf7-form-control wpcf7-text\" aria-invalid=\"false\" value=\"\" type=\"text\" name=\"your-mob\" \/><\/span> <\/label>\n\t<\/p>\n<\/fieldset>\n<p>&nbsp;\n<\/p>\n<h5>Zuchtverband, dem die Bedeckung gemeldet werden soll:\n<\/h5>\n<fieldset class=\"hengst-left\">\n\t<p><label> Zuchtverband (Pflichtfeld):<br \/>\n<span class=\"wpcf7-form-control-wrap\" data-name=\"your-verband\"><input size=\"40\" maxlength=\"400\" class=\"wpcf7-form-control wpcf7-text wpcf7-validates-as-required\" aria-required=\"true\" aria-invalid=\"false\" value=\"\" type=\"text\" name=\"your-verband\" \/><\/span> <\/label>\n\t<\/p>\n<\/fieldset>\n<fieldset class=\"hengst-right\">\n\t<p><label> Mitgliedsnummer (Pflichtfeld):<br \/>\n<span class=\"wpcf7-form-control-wrap\" data-name=\"your-mnummer\"><input size=\"40\" maxlength=\"400\" class=\"wpcf7-form-control wpcf7-text wpcf7-validates-as-required\" aria-required=\"true\" aria-invalid=\"false\" value=\"\" type=\"text\" name=\"your-mnummer\" \/><\/span> <\/label>\n\t<\/p>\n<\/fieldset>\n<p>&nbsp;\n<\/p>\n<h5>Angaben zur Stute (Name, Alter, Lebensnummer, Abstammung):\n<\/h5>\n<fieldset class=\"hengst-left\">\n\t<p><label> Name, Lebensnr. (Pflichtfeld):<br \/>\n<span class=\"wpcf7-form-control-wrap\" data-name=\"your-stute\"><input size=\"40\" maxlength=\"400\" class=\"wpcf7-form-control wpcf7-text wpcf7-validates-as-required\" aria-required=\"true\" aria-invalid=\"false\" value=\"\" type=\"text\" name=\"your-stute\" \/><\/span> <\/label>\n\t<\/p>\n\t<p><label> Vater, Lebensnr. (Pflichtfeld):<br \/>\n<span class=\"wpcf7-form-control-wrap\" data-name=\"your-vstute\"><input size=\"40\" maxlength=\"400\" class=\"wpcf7-form-control wpcf7-text wpcf7-validates-as-required\" aria-required=\"true\" aria-invalid=\"false\" value=\"\" type=\"text\" name=\"your-vstute\" \/><\/span> <\/label>\n\t<\/p>\n<\/fieldset>\n<fieldset class=\"hengst-right\">\n\t<p><label> Geburtsdatum (Pflichtfeld):<br \/>\n<span class=\"wpcf7-form-control-wrap\" data-name=\"your-gdstute\"><input size=\"40\" maxlength=\"400\" class=\"wpcf7-form-control wpcf7-text wpcf7-validates-as-required\" aria-required=\"true\" aria-invalid=\"false\" value=\"\" type=\"text\" name=\"your-gdstute\" \/><\/span> <\/label>\n\t<\/p>\n\t<p><label> Muttervater, Lebensnr. (Pflichtfeld):<br \/>\n<span class=\"wpcf7-form-control-wrap\" data-name=\"your-mvstute\"><input size=\"40\" maxlength=\"400\" class=\"wpcf7-form-control wpcf7-text wpcf7-validates-as-required\" aria-required=\"true\" aria-invalid=\"false\" value=\"\" type=\"text\" name=\"your-mvstute\" \/><\/span> <\/label>\n\t<\/p>\n<\/fieldset>\n<fieldset class=\"hengst-left\">\n\t<p><span class=\"wpcf7-form-control-wrap\" data-name=\"checkbox-655\"><span class=\"wpcf7-form-control wpcf7-checkbox wpcf7-validates-as-required wpcf7-exclusive-checkbox\"><span class=\"wpcf7-list-item first\"><label><input type=\"checkbox\" name=\"checkbox-655\" value=\"Erstbesamung\" \/><span class=\"wpcf7-list-item-label\">Erstbesamung<\/span><\/label><\/span><span class=\"wpcf7-list-item\"><label><input type=\"checkbox\" name=\"checkbox-655\" value=\"Nachbesamung\" \/><span class=\"wpcf7-list-item-label\">Nachbesamung<\/span><\/label><\/span><span class=\"wpcf7-list-item last\"><label><input type=\"checkbox\" name=\"checkbox-655\" value=\"Umrosse\" \/><span class=\"wpcf7-list-item-label\">Umrosse<\/span><\/label><\/span><\/span><\/span>\n\t<\/p>\n\t<p>&nbsp;\n\t<\/p>\n<\/fieldset>\n<fieldset class=\"hengst-right\">\n\t<p>Guest aus dem Vorjahr (Pflichtfeld)? <span class=\"wpcf7-form-control-wrap\" data-name=\"radio-443\"><span class=\"wpcf7-form-control wpcf7-checkbox wpcf7-validates-as-required wpcf7-exclusive-checkbox\"><span class=\"wpcf7-list-item first\"><label><input type=\"checkbox\" name=\"radio-443\" value=\"Ja\" \/><span class=\"wpcf7-list-item-label\">Ja<\/span><\/label><\/span><span class=\"wpcf7-list-item last\"><label><input type=\"checkbox\" name=\"radio-443\" value=\"Nein\" \/><span class=\"wpcf7-list-item-label\">Nein<\/span><\/label><\/span><\/span><\/span>\n\t<\/p>\n\t<p>Kann die Stute S-Platzierungen vorweisen? <span class=\"wpcf7-form-control-wrap\" data-name=\"radio-1443\"><span class=\"wpcf7-form-control wpcf7-checkbox wpcf7-exclusive-checkbox\"><span class=\"wpcf7-list-item first\"><label><input type=\"checkbox\" name=\"radio-1443\" value=\"Ja\" \/><span class=\"wpcf7-list-item-label\">Ja<\/span><\/label><\/span><span class=\"wpcf7-list-item last\"><label><input type=\"checkbox\" name=\"radio-1443\" value=\"Nein\" \/><span class=\"wpcf7-list-item-label\">Nein<\/span><\/label><\/span><\/span><\/span>\n\t<\/p>\n<\/fieldset>\n<p>&nbsp;\n<\/p>\n<h5>Name und Adresse des besamenden Tierarztes:\n<\/h5>\n<fieldset class=\"hengst-left\">\n\t<p><label> Vet. Name (Pflichtfeld):<br \/>\n<span class=\"wpcf7-form-control-wrap\" data-name=\"your-vetname\"><input size=\"40\" maxlength=\"400\" class=\"wpcf7-form-control wpcf7-text wpcf7-validates-as-required\" aria-required=\"true\" aria-invalid=\"false\" value=\"\" type=\"text\" name=\"your-vetname\" \/><\/span> <\/label>\n\t<\/p>\n\t<p><label> Vet. Tel.\/Mobil (Pflichtfeld):<br \/>\n<span class=\"wpcf7-form-control-wrap\" data-name=\"your-vetfon\"><input size=\"40\" maxlength=\"400\" class=\"wpcf7-form-control wpcf7-text wpcf7-validates-as-required\" aria-required=\"true\" aria-invalid=\"false\" value=\"\" type=\"text\" name=\"your-vetfon\" \/><\/span> <\/label>\n\t<\/p>\n<\/fieldset>\n<fieldset class=\"hengst-right\">\n\t<p><label> Vet. Anschrift (Pflichtfeld):<br \/>\n<span class=\"wpcf7-form-control-wrap\" data-name=\"your-vetanschrift\"><input size=\"40\" maxlength=\"400\" class=\"wpcf7-form-control wpcf7-text wpcf7-validates-as-required\" aria-required=\"true\" aria-invalid=\"false\" value=\"\" type=\"text\" name=\"your-vetanschrift\" \/><\/span> <\/label>\n\t<\/p>\n\t<p><label> Vet. E-Mail (Pflichtfeld):<br \/>\n<span class=\"wpcf7-form-control-wrap\" data-name=\"your-vetemail\"><input size=\"40\" maxlength=\"400\" class=\"wpcf7-form-control wpcf7-text wpcf7-validates-as-required\" aria-required=\"true\" aria-invalid=\"false\" value=\"\" type=\"text\" name=\"your-vetemail\" \/><\/span> <\/label>\n\t<\/p>\n<\/fieldset>\n<p>&nbsp;\n<\/p>\n<h5>Lieferadresse:\n<\/h5>\n<fieldset class=\"hengst-left\">\n\t<p><label> Vorname (Pflichtfeld):<br \/>\n<span class=\"wpcf7-form-control-wrap\" data-name=\"your-vorname2\"><input size=\"40\" maxlength=\"400\" class=\"wpcf7-form-control wpcf7-text wpcf7-validates-as-required\" aria-required=\"true\" aria-invalid=\"false\" value=\"\" type=\"text\" name=\"your-vorname2\" \/><\/span> <\/label>\n\t<\/p>\n\t<p><label> Stra\u00dfe, Nr. (Pflichtfeld):<br \/>\n<span class=\"wpcf7-form-control-wrap\" data-name=\"your-strnr2\"><input size=\"40\" maxlength=\"400\" class=\"wpcf7-form-control wpcf7-text wpcf7-validates-as-required\" aria-required=\"true\" aria-invalid=\"false\" value=\"\" type=\"text\" name=\"your-strnr2\" \/><\/span> <\/label>\n\t<\/p>\n\t<p><label> Tel.\/Mobil:<br \/>\n<span class=\"wpcf7-form-control-wrap\" data-name=\"your-mobil2\"><input size=\"40\" maxlength=\"400\" class=\"wpcf7-form-control wpcf7-text\" aria-invalid=\"false\" value=\"\" type=\"text\" name=\"your-mobil2\" \/><\/span> <\/label>\n\t<\/p>\n<\/fieldset>\n<fieldset class=\"hengst-right\">\n\t<p><label> Name (Pflichtfeld):<br \/>\n<span class=\"wpcf7-form-control-wrap\" data-name=\"your-name2\"><input size=\"40\" maxlength=\"400\" class=\"wpcf7-form-control wpcf7-text wpcf7-validates-as-required\" aria-required=\"true\" aria-invalid=\"false\" value=\"\" type=\"text\" name=\"your-name2\" \/><\/span> <\/label>\n\t<\/p>\n\t<p><label> PLZ, Ort (Pflichtfeld):<br \/>\n<span class=\"wpcf7-form-control-wrap\" data-name=\"your-plzort2\"><input size=\"40\" maxlength=\"400\" class=\"wpcf7-form-control wpcf7-text wpcf7-validates-as-required\" aria-required=\"true\" aria-invalid=\"false\" value=\"\" type=\"text\" name=\"your-plzort2\" \/><\/span> <\/label>\n\t<\/p>\n\t<p><label> E-Mail (Pflichtfeld):<br \/>\n<span class=\"wpcf7-form-control-wrap\" data-name=\"your-email2\"><input size=\"40\" maxlength=\"400\" class=\"wpcf7-form-control wpcf7-text wpcf7-validates-as-required\" aria-required=\"true\" aria-invalid=\"false\" value=\"\" type=\"text\" name=\"your-email2\" \/><\/span> <\/label>\n\t<\/p>\n<\/fieldset>\n<p>&nbsp;\n<\/p>\n<h5>Lieferdatum:\n<\/h5>\n<fieldset class=\"hengst-left\">\n\t<p><label> Lieferdatum ausw\u00e4hlen: <span class=\"wpcf7-form-control-wrap\" data-name=\"datum2\"><input class=\"wpcf7-form-control wpcf7-date wpcf7-validates-as-date\" aria-invalid=\"false\" value=\"\" type=\"date\" name=\"datum2\" \/><\/span> <\/label>\n\t<\/p>\n<\/fieldset>\n<fieldset class=\"hengst-right\">\n\t<p><span class=\"wpcf7-form-control-wrap\" data-name=\"checkbox-756\"><span class=\"wpcf7-form-control wpcf7-checkbox\"><span class=\"wpcf7-list-item first last\"><label><input type=\"checkbox\" name=\"checkbox-756[]\" value=\"Lieferdatum kurzfristig telefonisch festsetzen\" \/><span class=\"wpcf7-list-item-label\">Lieferdatum kurzfristig telefonisch festsetzen<\/span><\/label><\/span><\/span><\/span>\n\t<\/p>\n<\/fieldset>\n<p>&nbsp;\n<\/p>\n<h5>Versandart:\n<\/h5>\n<p><span class=\"wpcf7-form-control-wrap\" data-name=\"checkbox-550\"><span class=\"wpcf7-form-control wpcf7-checkbox wpcf7-validates-as-required wpcf7-exclusive-checkbox\"><span class=\"wpcf7-list-item first\"><label><input type=\"checkbox\" name=\"checkbox-550\" value=\"Nachtkurier (Lieferung am n\u00e4chsten Werktag)\" \/><span class=\"wpcf7-list-item-label\">Nachtkurier (Lieferung am n\u00e4chsten Werktag)<\/span><\/label><\/span><span class=\"wpcf7-list-item last\"><label><input type=\"checkbox\" name=\"checkbox-550\" value=\"Abholung\" \/><span class=\"wpcf7-list-item-label\">Abholung<\/span><\/label><\/span><\/span><\/span>\n<\/p>\n<p>&nbsp;\n<\/p>\n<p><label> Anmerkungen:<br \/>\n<span class=\"wpcf7-form-control-wrap\" data-name=\"your-message\"><textarea cols=\"40\" rows=\"10\" maxlength=\"2000\" class=\"wpcf7-form-control wpcf7-textarea\" aria-invalid=\"false\" name=\"your-message\"><\/textarea><\/span> <\/label>\n<\/p>\n<p>&nbsp;\n<\/p>\n<p><label> <span class=\"wpcf7-form-control-wrap\" data-name=\"acceptance-18\"><span class=\"wpcf7-form-control wpcf7-acceptance\"><span class=\"wpcf7-list-item\"><input type=\"checkbox\" name=\"acceptance-18\" value=\"1\" aria-invalid=\"false\" \/><\/span><\/span><\/span> Ja, ich habe die <a href=\"https:\/\/brodhecker-burghof.de\/wp-content\/uploads\/2018\/01\/Deckbedingungen_Burghof_2018.pdf\" target=\"_blank\"> Deck- und Nutztungsbedingungen<\/a> gelesen. <\/label>\n<\/p>\n<p><label><span class=\"wpcf7-form-control-wrap\" data-name=\"dsgvo\"><span class=\"wpcf7-form-control wpcf7-acceptance\"><span class=\"wpcf7-list-item\"><input type=\"checkbox\" name=\"dsgvo\" value=\"1\" aria-invalid=\"false\" \/><\/span><\/span><\/span> Ich habe die <a href=\"\/datenschutz\/\" target=\"_blank\">Datenschutzerkl\u00e4rung<\/a> zur Kenntnis genommen. Ich stimme zu, dass meine Angaben zur Kontaktaufnahme und f\u00fcr R\u00fcckfragen dauerhaft gespeichert werden.<\/label>\n<\/p>\n<p><span id=\"wpcf7-69e4a742d7535-wrapper\" class=\"wpcf7-form-control-wrap honeypot-308-wrap\" style=\"display:none !important; visibility:hidden !important;\"><label for=\"wpcf7-69e4a742d7535-field\" class=\"hp-message\">Bitte lasse dieses Feld leer.<\/label><input id=\"wpcf7-69e4a742d7535-field\"  class=\"wpcf7-form-control wpcf7-text\" type=\"text\" name=\"honeypot-308\" value=\"\" size=\"40\" tabindex=\"-1\" autocomplete=\"new-password\" \/><\/span>\n<\/p>\n<p><input class=\"wpcf7-form-control wpcf7-submit has-spinner\" type=\"submit\" value=\"Senden\" \/>\n<\/p><p style=\"display: none !important;\" class=\"akismet-fields-container\" data-prefix=\"_wpcf7_ak_\"><label>&#916;<textarea name=\"_wpcf7_ak_hp_textarea\" cols=\"45\" rows=\"8\" maxlength=\"100\"><\/textarea><\/label><input type=\"hidden\" id=\"ak_js_1\" name=\"_wpcf7_ak_js\" value=\"9\"\/><script>document.getElementById( \"ak_js_1\" ).setAttribute( \"value\", ( new Date() ).getTime() );<\/script><\/p><div class=\"wpcf7-response-output\" aria-hidden=\"true\"><\/div>\n<\/form>\n<\/div>\n[\/vc_column][\/vc_row]<\/p>\n<\/div>","protected":false},"excerpt":{"rendered":"<p>[vc_row css=&#8221;.vc_custom_1412596558354{padding-top: 70px !important;padding-bottom: 20px !important;}&#8221;][vc_column][vc_custom_heading text=&#8221;ORDER SEMEN ONLINE&#8221; font_container=&#8221;tag:h1|text_align:center&#8221; use_theme_fonts=&#8221;yes&#8221;][\/vc_column][\/vc_row][vc_row css=&#8221;.vc_custom_1403797066850{padding-bottom: 50px !important;}&#8221;][vc_column][vc_column_text] Bitte teilen Sie uns mit dem folgenden Formular die wichtigsten Informationen zu Ihnen, Ihrer Stute und Ihrem Tierarzt mit. Nach Best\u00e4tigung der Angaben erhalten Sie von uns eine Zusammenfassung der Samenbestellung per E-Mail, sowie die Telefonnummer unseres Besamungswartes, bei dem Sie dann kurzfristige Samenlieferungen in Auftrag geben k\u00f6nnen. F\u00fcr eine Lieferung am n\u00e4chsten Tag bitten wir um eine Samenbestellung bis sp\u00e4testens 10 Uhr (Mo-Fr), bzw. 09 Uhr (Sa). An Sonn- und Feiertagen ist kein Samenversand m\u00f6glich, jedoch k\u00f6nnen die Hengste abgesamt und der Samen vor Ort &hellip; <a href=\"https:\/\/brodhecker-burghof.de\/en\/breeding\/order-semen\/\">Continued<\/a><\/p>\n","protected":false},"author":9,"featured_media":0,"parent":8873,"menu_order":2,"comment_status":"closed","ping_status":"closed","template":"","meta":{"_acf_changed":false,"footnotes":""},"class_list":["post-8908","page","type-page","status-publish","hentry"],"acf":[],"_links":{"self":[{"href":"https:\/\/brodhecker-burghof.de\/en\/wp-json\/wp\/v2\/pages\/8908","targetHints":{"allow":["GET"]}}],"collection":[{"href":"https:\/\/brodhecker-burghof.de\/en\/wp-json\/wp\/v2\/pages"}],"about":[{"href":"https:\/\/brodhecker-burghof.de\/en\/wp-json\/wp\/v2\/types\/page"}],"author":[{"embeddable":true,"href":"https:\/\/brodhecker-burghof.de\/en\/wp-json\/wp\/v2\/users\/9"}],"replies":[{"embeddable":true,"href":"https:\/\/brodhecker-burghof.de\/en\/wp-json\/wp\/v2\/comments?post=8908"}],"version-history":[{"count":0,"href":"https:\/\/brodhecker-burghof.de\/en\/wp-json\/wp\/v2\/pages\/8908\/revisions"}],"up":[{"embeddable":true,"href":"https:\/\/brodhecker-burghof.de\/en\/wp-json\/wp\/v2\/pages\/8873"}],"wp:attachment":[{"href":"https:\/\/brodhecker-burghof.de\/en\/wp-json\/wp\/v2\/media?parent=8908"}],"curies":[{"name":"wp","href":"https:\/\/api.w.org\/{rel}","templated":true}]}}